{"id":4422,"date":"2016-05-04T08:16:31","date_gmt":"2016-05-04T08:16:31","guid":{"rendered":"http:\/\/ratio.edge-themes.com\/?page_id=4422"},"modified":"2024-01-27T20:03:15","modified_gmt":"2024-01-27T20:03:15","slug":"arquitectura","status":"publish","type":"page","link":"https:\/\/proyectosytasaciones.es\/index.php\/arquitectura\/","title":{"rendered":"Arquitectura"},"content":{"rendered":"<section class=\"wpb-content-wrapper\"><p>[vc_row css=&#8221;.vc_custom_1706385791506{margin-top: -50px !important;}&#8221;][vc_column]\n<div class=\"edgtf-custom-font-holder\" style=\"font-family: Raleway;font-size: 33px;line-height: 50px;font-weight: 300;letter-spacing: 4px;text-transform: Uppercase;text-align: left;color: #313131\" data-font-size= 33 data-line-height= 50>\n\t\n\tGu\u00eda de servicios\n\t\t\n\t<\/div>[vc_empty_space height=&#8221;0&#8243; css=&#8221;.vc_custom_1464092997850{margin-top: -9px !important;}&#8221;]\n<p class=\"edgtf-section-subtitle \" style=\"text-align:left\">\n\tEn el campo de la arquitectura les ofrecemos los siguientes servicios:<\/p><div class=\"edgtf-separator-holder clearfix  edgtf-separator-center edgtf-separator-full-width\">\n\t<div class=\"edgtf-separator\" style=\"border-color: #e7bd74;border-style: solid;border-bottom-width: 3px;margin-top: 16px;margin-bottom: 50px\"><\/div>\n<\/div>\n[\/vc_column][\/vc_row][vc_row][vc_column offset=&#8221;vc_col-lg-4 vc_col-md-12&#8243;][vc_single_image image=&#8221;6547&#8243; img_size=&#8221;full&#8221;][vc_empty_space height=&#8221;33px&#8221;]<div class=\"edgtf-numbered-title\">\n\t<div class=\"edgtf-nt-number\" style=\"color:#e3b970;padding-right:3px\">\n\t\t<span>\n\t\t\t01\t\t<\/span>\n\t<\/div>\n\t<div class=\"edgtf-nt-title-subtitle-holder\">\n\t\t<h3 class=\"edgtf-nt-title\" >\n\t\t\tObra Nueva\t\t<\/h3>\n\t<\/div>\n<\/div>[vc_empty_space height=&#8221;25px&#8221;][vc_column_text]Realizaci\u00f3n de proyectos y direcciones de obra de nueva planta de cualquier tipo de edificaci\u00f3n. Desarrollamos sus ideas y necesidades hasta convertirla en realidad.[\/vc_column_text][vc_empty_space height=&#8221;40px&#8221;][\/vc_column][vc_column offset=&#8221;vc_col-lg-4 vc_col-md-12&#8243;][vc_single_image image=&#8221;6540&#8243; img_size=&#8221;full&#8221;][vc_empty_space height=&#8221;33px&#8221;]<div class=\"edgtf-numbered-title\">\n\t<div class=\"edgtf-nt-number\" style=\"color:#e3b970;\">\n\t\t<span>\n\t\t\t02\t\t<\/span>\n\t<\/div>\n\t<div class=\"edgtf-nt-title-subtitle-holder\">\n\t\t<h3 class=\"edgtf-nt-title\" >\n\t\t\tReforma \/ REHABILITACI\u00d3N\t\t<\/h3>\n\t<\/div>\n<\/div>[vc_empty_space height=&#8221;25px&#8221;][vc_column_text]Redacci\u00f3n y direcci\u00f3n de obra de proyectos de rehabilitaci\u00f3n y reformas. Transformamos y revitalizamos cualquier inmueble, preservando su concepci\u00f3n original.[\/vc_column_text][vc_empty_space height=&#8221;40px&#8221;][\/vc_column][vc_column offset=&#8221;vc_col-lg-4 vc_col-md-12&#8243;][vc_single_image image=&#8221;6550&#8243; img_size=&#8221;full&#8221;][vc_empty_space height=&#8221;33px&#8221;]<div class=\"edgtf-numbered-title\">\n\t<div class=\"edgtf-nt-number\" style=\"color:#e3b970;\">\n\t\t<span>\n\t\t\t03\t\t<\/span>\n\t<\/div>\n\t<div class=\"edgtf-nt-title-subtitle-holder\">\n\t\t<h3 class=\"edgtf-nt-title\" >\n\t\t\tCambios de uso\t\t<\/h3>\n\t<\/div>\n<\/div>[vc_empty_space height=&#8221;25px&#8221;][vc_column_text]Redacci\u00f3n de proyectos y direcci\u00f3n de obra de cambios de uso de locales\/oficinas a viviendas (siempre que sea viable urban\u00edsticamente).[\/vc_column_text][vc_empty_space height=&#8221;40px&#8221;][\/vc_column][\/vc_row][vc_row][vc_column offset=&#8221;vc_col-lg-4 vc_col-md-12&#8243;][vc_single_image image=&#8221;6601&#8243; img_size=&#8221;full&#8221;][vc_empty_space height=&#8221;33px&#8221;]<div class=\"edgtf-numbered-title\">\n\t<div class=\"edgtf-nt-number\" style=\"color:#e3b970;padding-right:3px\">\n\t\t<span>\n\t\t\t04\t\t<\/span>\n\t<\/div>\n\t<div class=\"edgtf-nt-title-subtitle-holder\">\n\t\t<h3 class=\"edgtf-nt-title\" >\n\t\t\tCertificados, informes, ite, iee, survey\t\t<\/h3>\n\t<\/div>\n<\/div>[vc_empty_space height=&#8221;25px&#8221;][vc_column_text]Redacci\u00f3n de todo tipo de informes, certificados, inspecci\u00f3n t\u00e9cnica de edificios, informe de evaluaci\u00f3n de edificios, informes estado de edificaciones.[\/vc_column_text][vc_empty_space height=&#8221;40px&#8221;][\/vc_column][vc_column offset=&#8221;vc_col-lg-4 vc_col-md-12&#8243;][vc_single_image image=&#8221;6548&#8243; img_size=&#8221;full&#8221;][vc_empty_space height=&#8221;33px&#8221;]<div class=\"edgtf-numbered-title\">\n\t<div class=\"edgtf-nt-number\" style=\"color:#e3b970;\">\n\t\t<span>\n\t\t\t05\t\t<\/span>\n\t<\/div>\n\t<div class=\"edgtf-nt-title-subtitle-holder\">\n\t\t<h3 class=\"edgtf-nt-title\" >\n\t\t\tpatolog\u00eda edificatoria\t\t<\/h3>\n\t<\/div>\n<\/div>[vc_empty_space height=&#8221;25px&#8221;][vc_column_text]Estudio de patolog\u00edas edificatorias (grado de afecci\u00f3n, causas, soluciones), ya sean estructurales, estanquidad o cualquier otra causa.[\/vc_column_text][vc_empty_space height=&#8221;40px&#8221;][\/vc_column][vc_column offset=&#8221;vc_col-lg-4 vc_col-md-12&#8243;][vc_single_image image=&#8221;6599&#8243; img_size=&#8221;full&#8221;][vc_empty_space height=&#8221;33px&#8221;]<div class=\"edgtf-numbered-title\">\n\t<div class=\"edgtf-nt-number\" style=\"color:#e3b970;\">\n\t\t<span>\n\t\t\t06\t\t<\/span>\n\t<\/div>\n\t<div class=\"edgtf-nt-title-subtitle-holder\">\n\t\t<h3 class=\"edgtf-nt-title\" >\n\t\t\tconsultor\u00eda\t\t<\/h3>\n\t<\/div>\n<\/div>[vc_empty_space height=&#8221;25px&#8221;][vc_column_text]Ofrecemos un servicio de consultor\u00eda t\u00e9cnica enfocado a abogados y administradores de fincas, proporcionando un asesoramiento detallado y aportaci\u00f3n de soluciones t\u00e9cnicas.[\/vc_column_text][vc_empty_space height=&#8221;40px&#8221;][\/vc_column][\/vc_row][vc_row][vc_column offset=&#8221;vc_col-lg-4 vc_col-md-12&#8243;][vc_single_image image=&#8221;6525&#8243; img_size=&#8221;full&#8221;][vc_empty_space height=&#8221;33px&#8221;]<div class=\"edgtf-numbered-title\">\n\t<div class=\"edgtf-nt-number\" style=\"color:#e3b970;padding-right:3px\">\n\t\t<span>\n\t\t\t07\t\t<\/span>\n\t<\/div>\n\t<div class=\"edgtf-nt-title-subtitle-holder\">\n\t\t<h3 class=\"edgtf-nt-title\" >\n\t\t\tEficiencia energ\u00e9tica\t\t<\/h3>\n\t<\/div>\n<\/div>[vc_empty_space height=&#8221;25px&#8221;][vc_column_text]Realizaci\u00f3n de certificados de eficiencia energ\u00e9tica, incluyendo su inscripci\u00f3n en el Registro Oficial. Estudio de mejoras de eficiencia energ\u00e9tica.[\/vc_column_text][vc_empty_space height=&#8221;40px&#8221;][\/vc_column][vc_column offset=&#8221;vc_col-lg-4 vc_col-md-12&#8243;][vc_single_image image=&#8221;6596&#8243; img_size=&#8221;full&#8221;][vc_empty_space height=&#8221;33px&#8221;]<div class=\"edgtf-numbered-title\">\n\t<div class=\"edgtf-nt-number\" style=\"color:#e3b970;\">\n\t\t<span>\n\t\t\t08\t\t<\/span>\n\t<\/div>\n\t<div class=\"edgtf-nt-title-subtitle-holder\">\n\t\t<h3 class=\"edgtf-nt-title\" >\n\t\t\tDeclaraci\u00f3n obra nueva\/ FUERA DE ORDENACI\u00d3N\t\t<\/h3>\n\t<\/div>\n<\/div>[vc_empty_space height=&#8221;25px&#8221;][vc_column_text]Realizaci\u00f3n de documentaci\u00f3n t\u00e9cnica apropiada para la declaraci\u00f3n de obra nueva y regularizaciones de inmuebles fuera de ordenaci\u00f3n.[\/vc_column_text][vc_empty_space height=&#8221;40px&#8221;][\/vc_column][vc_column offset=&#8221;vc_col-lg-4 vc_col-md-12&#8243;][vc_single_image image=&#8221;6564&#8243; img_size=&#8221;full&#8221;][vc_empty_space height=&#8221;33px&#8221;]<div class=\"edgtf-numbered-title\">\n\t<div class=\"edgtf-nt-number\" style=\"color:#e3b970;\">\n\t\t<span>\n\t\t\t09\t\t<\/span>\n\t<\/div>\n\t<div class=\"edgtf-nt-title-subtitle-holder\">\n\t\t<h3 class=\"edgtf-nt-title\" >\n\t\t\tCoordinaci\u00f3n registral\/catastral\t\t<\/h3>\n\t<\/div>\n<\/div>[vc_empty_space height=&#8221;25px&#8221;][vc_column_text]Obtenci\u00f3n de coordenadas GML de edificaciones y parcelas para su coordinaci\u00f3n registral\/catastral.[\/vc_column_text][vc_empty_space height=&#8221;40px&#8221;][\/vc_column][\/vc_row][vc_row][vc_column offset=&#8221;vc_col-lg-4 vc_col-md-12&#8243;][vc_single_image image=&#8221;6609&#8243; img_size=&#8221;full&#8221;][vc_empty_space height=&#8221;33px&#8221;]<div class=\"edgtf-numbered-title\">\n\t<div class=\"edgtf-nt-number\" style=\"color:#e3b970;padding-right:3px\">\n\t\t<span>\n\t\t\t10\t\t<\/span>\n\t<\/div>\n\t<div class=\"edgtf-nt-title-subtitle-holder\">\n\t\t<h3 class=\"edgtf-nt-title\" >\n\t\t\ttopograf\u00eda\t\t<\/h3>\n\t<\/div>\n<\/div>[vc_empty_space height=&#8221;25px&#8221;][vc_column_text]Levantamientos topogr\u00e1ficos de terrenos, solares y edificaciones.[\/vc_column_text][vc_empty_space height=&#8221;40px&#8221;][\/vc_column][vc_column offset=&#8221;vc_col-lg-4 vc_col-md-12&#8243;][vc_single_image image=&#8221;6607&#8243; img_size=&#8221;full&#8221;][vc_empty_space height=&#8221;33px&#8221;]<div class=\"edgtf-numbered-title\">\n\t<div class=\"edgtf-nt-number\" style=\"color:#e3b970;\">\n\t\t<span>\n\t\t\t11\t\t<\/span>\n\t<\/div>\n\t<div class=\"edgtf-nt-title-subtitle-holder\">\n\t\t<h3 class=\"edgtf-nt-title\" >\n\t\t\tInfograf\u00eda\t\t<\/h3>\n\t<\/div>\n<\/div>[vc_empty_space height=&#8221;25px&#8221;][vc_column_text]Creamos una representaci\u00f3n visual precisa y detallada de su proyecto. Empleamos tecnolog\u00eda avanzada para crear infograf\u00edas en 3D que muestran con precisi\u00f3n hasta el \u00faltimo detalle.[\/vc_column_text][vc_empty_space height=&#8221;40px&#8221;][\/vc_column][vc_column offset=&#8221;vc_col-lg-4 vc_col-md-12&#8243;][vc_single_image image=&#8221;6605&#8243; img_size=&#8221;full&#8221;][vc_empty_space height=&#8221;33px&#8221;]<div class=\"edgtf-numbered-title\">\n\t<div class=\"edgtf-nt-number\" style=\"color:#e3b970;\">\n\t\t<span>\n\t\t\t12\t\t<\/span>\n\t<\/div>\n\t<div class=\"edgtf-nt-title-subtitle-holder\">\n\t\t<h3 class=\"edgtf-nt-title\" >\n\t\t\tEstudios t\u00e9cnicos\t\t<\/h3>\n\t<\/div>\n<\/div>[vc_empty_space height=&#8221;25px&#8221;][vc_column_text]Realizaci\u00f3n de cualquier estudio t\u00e9cnico necesario para determinar cualquier problema en edificaci\u00f3n (humedades, ruidos, calidad del aire, calidad de materiales, etc).[\/vc_column_text][vc_empty_space height=&#8221;40px&#8221;][\/vc_column][\/vc_row][vc_row css=&#8221;.vc_custom_1706212659643{padding-top: 10px !important;padding-bottom: 10px !important;}&#8221;][vc_column]<div class=\"edgtf-separator-holder clearfix  edgtf-separator-center edgtf-separator-full-width\">\n\t<div class=\"edgtf-separator\" style=\"border-color: #e7bd74;border-style: solid;border-bottom-width: 3px;margin-top: 16px;margin-bottom: 50px\"><\/div>\n<\/div>\n[vc_column_text]<\/p>\n<h4>si tiene cualquier duda estaremos encantados en atenderle<\/h4>\n<h5>If you have any questions we will be happy to assist you<\/h5>\n<p>[\/vc_column_text][\/vc_column][\/vc_row]<\/p>\n<\/section>","protected":false},"excerpt":{"rendered":"<p>[vc_row css=&#8221;.vc_custom_1706385791506{margin-top: -50px !important;}&#8221;][vc_column][vc_empty_space height=&#8221;0&#8243; css=&#8221;.vc_custom_1464092997850{margin-top: -9px !important;}&#8221;][\/vc_column][\/vc_row][vc_row][vc_column offset=&#8221;vc_col-lg-4 vc_col-md-12&#8243;][vc_single_image image=&#8221;6547&#8243; img_size=&#8221;full&#8221;][vc_empty_space height=&#8221;33px&#8221;][vc_empty_space height=&#8221;25px&#8221;][vc_column_text]Realizaci\u00f3n de proyectos y direcciones de obra de nueva planta de cualquier tipo de edificaci\u00f3n. Desarrollamos sus ideas y necesidades hasta convertirla en realidad.[\/vc_column_text][vc_empty_space height=&#8221;40px&#8221;][\/vc_column][vc_column offset=&#8221;vc_col-lg-4 vc_col-md-12&#8243;][vc_single_image image=&#8221;6540&#8243; img_size=&#8221;full&#8221;][vc_empty_space height=&#8221;33px&#8221;][vc_empty_space height=&#8221;25px&#8221;][vc_column_text]Redacci\u00f3n y&#8230;<\/p>\n","protected":false},"author":1,"featured_media":0,"parent":0,"menu_order":0,"comment_status":"closed","ping_status":"closed","template":"","meta":{"footnotes":""},"class_list":["post-4422","page","type-page","status-publish","hentry"],"_links":{"self":[{"href":"https:\/\/proyectosytasaciones.es\/index.php\/wp-json\/wp\/v2\/pages\/4422","targetHints":{"allow":["GET"]}}],"collection":[{"href":"https:\/\/proyectosytasaciones.es\/index.php\/wp-json\/wp\/v2\/pages"}],"about":[{"href":"https:\/\/proyectosytasaciones.es\/index.php\/wp-json\/wp\/v2\/types\/page"}],"author":[{"embeddable":true,"href":"https:\/\/proyectosytasaciones.es\/index.php\/wp-json\/wp\/v2\/users\/1"}],"replies":[{"embeddable":true,"href":"https:\/\/proyectosytasaciones.es\/index.php\/wp-json\/wp\/v2\/comments?post=4422"}],"version-history":[{"count":59,"href":"https:\/\/proyectosytasaciones.es\/index.php\/wp-json\/wp\/v2\/pages\/4422\/revisions"}],"predecessor-version":[{"id":6694,"href":"https:\/\/proyectosytasaciones.es\/index.php\/wp-json\/wp\/v2\/pages\/4422\/revisions\/6694"}],"wp:attachment":[{"href":"https:\/\/proyectosytasaciones.es\/index.php\/wp-json\/wp\/v2\/media?parent=4422"}],"curies":[{"name":"wp","href":"https:\/\/api.w.org\/{rel}","templated":true}]}}