{"id":977,"date":"2015-12-04T09:14:17","date_gmt":"2015-12-04T09:14:17","guid":{"rendered":"http:\/\/ratio.edge-themes.com\/?page_id=977"},"modified":"2024-02-25T18:26:23","modified_gmt":"2024-02-25T18:26:23","slug":"about-me","status":"publish","type":"page","link":"https:\/\/proyectosytasaciones.es\/index.php\/about-me\/","title":{"rendered":"Sobre nosotros"},"content":{"rendered":"<section class=\"wpb-content-wrapper\"><p>[vc_row row_type=&#8221;parallax&#8221; content_width=&#8221;grid&#8221; full_screen_section_height=&#8221;no&#8221; parallax_background_image=&#8221;3756&#8243; css=&#8221;.vc_custom_1461340622892{padding-top: 6.1% !important;padding-bottom: 6.2% !important;}&#8221;][vc_column][vc_column_text]<\/p>\n<h2>CON\u00d3CENOS \/ ABOUT US<\/h2>\n<p>[\/vc_column_text]<div class=\"edgtf-separator-holder clearfix  edgtf-separator-center edgtf-separator-full-width\">\n\t<div class=\"edgtf-separator\" style=\"border-color: #e7bd74;border-bottom-width: 3px\"><\/div>\n<\/div>\n[vc_column_text]Proyectos y Tasaciones es una consultor\u00eda t\u00e9cnica que desarrolla su labor en los campos de la arquitectura y las valoraciones inmobiliarias en la provincia de M\u00e1laga.<\/p>\n<p>La consultor\u00eda est\u00e1 dirigida por Francisco R\u00edos, Arquitecto T\u00e9cnico con m\u00e1s de 25 a\u00f1os de experiencia en el ejercicio de la profesi\u00f3n, estando especializado en la redacci\u00f3n de proyectos, direcciones de obra, patolog\u00edas edificatorias y valoraciones inmobiliarias. Junto a \u00e9l colaboran multitud de profesionales relacionados con el sector.<\/p>\n<p>Si tiene cualquier consulta relacionada con los campos de actuaci\u00f3n de nuestra empresa quedamos a su disposici\u00f3n para poder ofrecerle nuestro mejor servicio.[\/vc_column_text]<div class=\"edgtf-separator-holder clearfix  edgtf-separator-center edgtf-separator-full-width\">\n\t<div class=\"edgtf-separator\" style=\"border-color: #9b9b9b;border-bottom-width: 2px;margin-top: 25px;margin-bottom: 25px\"><\/div>\n<\/div>\n[vc_column_text]Projects and Appraisals is a technical consultancy that develops its work in the fields of architecture and real estate valuations in the province of Malaga.<\/p>\n<p>The consultancy is headed by Francisco R\u00edos, Technical Architect with more than 25 years of experience in the practice of the profession, specializing in drafting projects, construction management, building pathologies and real estate valuations. A multitude of professionals related to the sector collaborate with him.<\/p>\n<p>If you have any questions related to the fields of action of our company, we remain at your disposal to offer you our best service.[\/vc_column_text]<div class=\"edgtf-separator-holder clearfix  edgtf-separator-center edgtf-separator-full-width\">\n\t<div class=\"edgtf-separator\" style=\"border-color: #e7bd74;border-bottom-width: 3px\"><\/div>\n<\/div>\n[\/vc_column][\/vc_row]<\/p>\n<\/section>","protected":false},"excerpt":{"rendered":"<p>[vc_row row_type=&#8221;parallax&#8221; content_width=&#8221;grid&#8221; full_screen_section_height=&#8221;no&#8221; parallax_background_image=&#8221;3756&#8243; css=&#8221;.vc_custom_1461340622892{padding-top: 6.1% !important;padding-bottom: 6.2% !important;}&#8221;][vc_column][vc_column_text] CON\u00d3CENOS \/ ABOUT US [\/vc_column_text][vc_column_text]Proyectos y Tasaciones es una consultor\u00eda t\u00e9cnica que desarrolla su labor en los campos de la arquitectura y las valoraciones inmobiliarias en la provincia de M\u00e1laga. La consultor\u00eda est\u00e1 dirigida por&#8230;<\/p>\n","protected":false},"author":1,"featured_media":0,"parent":0,"menu_order":0,"comment_status":"closed","ping_status":"closed","template":"full-width.php","meta":{"footnotes":""},"class_list":["post-977","page","type-page","status-publish","hentry"],"_links":{"self":[{"href":"https:\/\/proyectosytasaciones.es\/index.php\/wp-json\/wp\/v2\/pages\/977","targetHints":{"allow":["GET"]}}],"collection":[{"href":"https:\/\/proyectosytasaciones.es\/index.php\/wp-json\/wp\/v2\/pages"}],"about":[{"href":"https:\/\/proyectosytasaciones.es\/index.php\/wp-json\/wp\/v2\/types\/page"}],"author":[{"embeddable":true,"href":"https:\/\/proyectosytasaciones.es\/index.php\/wp-json\/wp\/v2\/users\/1"}],"replies":[{"embeddable":true,"href":"https:\/\/proyectosytasaciones.es\/index.php\/wp-json\/wp\/v2\/comments?post=977"}],"version-history":[{"count":14,"href":"https:\/\/proyectosytasaciones.es\/index.php\/wp-json\/wp\/v2\/pages\/977\/revisions"}],"predecessor-version":[{"id":6849,"href":"https:\/\/proyectosytasaciones.es\/index.php\/wp-json\/wp\/v2\/pages\/977\/revisions\/6849"}],"wp:attachment":[{"href":"https:\/\/proyectosytasaciones.es\/index.php\/wp-json\/wp\/v2\/media?parent=977"}],"curies":[{"name":"wp","href":"https:\/\/api.w.org\/{rel}","templated":true}]}}